{"id":3029,"date":"2017-07-07T12:23:10","date_gmt":"2017-07-07T11:23:10","guid":{"rendered":"https:\/\/mndsupport.wpengine.com\/services-and-training\/"},"modified":"2021-12-27T09:08:35","modified_gmt":"2021-12-27T08:08:35","slug":"services-und-trainings","status":"publish","type":"page","link":"https:\/\/helpstaging.mynewsdesk.com\/de\/services-und-trainings\/","title":{"rendered":"Services &#038; Trainings"},"content":{"rendered":"<p><span style=\"font-weight: 400;\">Sie sind bereits Mynewsdesk Kunde? Dann k\u00f6nnen Sie oder Ihre neuen KollegInnen zur Auffrischung gern an unseren w\u00f6chentlichen Webinaren teilnehmen.<\/span><\/p>\n<p><span style=\"font-weight: 400;\">In zwei Modulen erkl\u00e4ren wir, wie die einzelnen Funktionen des Newsrooms aufgebaut sind und welche M\u00f6glichkeiten Sie haben Ihren PR-Workflow in Ihrem Newsroom umzusetzen.<\/span><\/p>\n<p><span style=\"font-weight: 400;\">Termine:\u00a0<\/span><span style=\"font-weight: 400;\">Jeden Mittwoch (Modul 1) und Donnerstag (Modul 2) 11:00 &#8211; 12:00 Uhr.<\/span><\/p>\n<p><span style=\"font-weight: 400;\">Sie m\u00f6chten lieber ein Webinar zu einem anderen Zeitpunkt buchen, oder dass wir zu Ihnen kommen? Geben Sie uns einfach Bescheid.<\/span><\/p>\n<p><span style=\"font-weight: 400;\">Oder falls Sie an einer Schulung in englischer Sprache interessiert sind, k\u00f6nnen Sie sich <a href=\"https:\/\/mndsupport.wpengine.com\/services-and-training\/\">unter diesem Link zu einem Online Training auf Englisch anmelden<\/a>.<\/span><\/p>\n<p><span style=\"font-weight: 400;\">Wir freuen uns auf Sie!<\/span><\/p>\n<p><span style=\"font-weight: 400;\">Telefon: +49 (0)341 \/ 35 05 87 77<br \/>\n<\/span><span style=\"font-weight: 400;\">E-Mail: <\/span><a style=\"background-color: #ffffff; letter-spacing: 0.009em;\" href=\"mailto:support@mynewsdesk.com\">support@mynewsdesk.com<\/a><\/p>\n","protected":false},"excerpt":{"rendered":"<p>Sie sind bereits Mynewsdesk Kunde? Dann k\u00f6nnen Sie oder Ihre neuen KollegInnen zur Auffrischung gern an unseren w\u00f6chentlichen Webinaren teilnehmen. In zwei Modulen erkl\u00e4ren wir, wie die einzelnen Funktionen des Newsrooms aufgebaut sind und welche M\u00f6glichkeiten Sie haben Ihren PR-Workflow in Ihrem Newsroom umzusetzen. Termine:\u00a0Jeden Mittwoch (Modul 1) und Donnerstag (Modul 2) 11:00 &#8211; 12:00 &hellip; <a href=\"https:\/\/helpstaging.mynewsdesk.com\/de\/services-und-trainings\/\">Continued<\/a><\/p>\n","protected":false},"author":1,"featured_media":0,"parent":0,"menu_order":0,"comment_status":"closed","ping_status":"closed","template":"template-services.php","meta":{"inline_featured_image":false},"acf":[],"_links":{"self":[{"href":"https:\/\/helpstaging.mynewsdesk.com\/de\/wp-json\/wp\/v2\/pages\/3029"}],"collection":[{"href":"https:\/\/helpstaging.mynewsdesk.com\/de\/wp-json\/wp\/v2\/pages"}],"about":[{"href":"https:\/\/helpstaging.mynewsdesk.com\/de\/wp-json\/wp\/v2\/types\/page"}],"author":[{"embeddable":true,"href":"https:\/\/helpstaging.mynewsdesk.com\/de\/wp-json\/wp\/v2\/users\/1"}],"replies":[{"embeddable":true,"href":"https:\/\/helpstaging.mynewsdesk.com\/de\/wp-json\/wp\/v2\/comments?post=3029"}],"version-history":[{"count":0,"href":"https:\/\/helpstaging.mynewsdesk.com\/de\/wp-json\/wp\/v2\/pages\/3029\/revisions"}],"wp:attachment":[{"href":"https:\/\/helpstaging.mynewsdesk.com\/de\/wp-json\/wp\/v2\/media?parent=3029"}],"curies":[{"name":"wp","href":"https:\/\/api.w.org\/{rel}","templated":true}]}}